{"id":27,"date":"2021-09-01T08:00:54","date_gmt":"2021-09-01T07:00:54","guid":{"rendered":"http:\/\/www.mqchausse-coq.ch\/wp\/?page_id=27"},"modified":"2025-12-19T16:51:28","modified_gmt":"2025-12-19T15:51:28","slug":"les-adolescents","status":"publish","type":"page","link":"https:\/\/www.mqchausse-coq.ch\/wp\/les-adolescents\/","title":{"rendered":"Jeunes d\u00e8s 10 ans"},"content":{"rendered":"<p><a href=\"https:\/\/www.mqchausse-coq.ch\/wp\/wp-content\/uploads\/2025\/07\/soiree-ados.jpg\"><img loading=\"lazy\" decoding=\"async\" class=\"aligncenter size-full wp-image-4078\" src=\"https:\/\/www.mqchausse-coq.ch\/wp\/wp-content\/uploads\/2025\/07\/soiree-ados.jpg\" alt=\"\" width=\"1953\" height=\"1334\" srcset=\"https:\/\/www.mqchausse-coq.ch\/wp\/wp-content\/uploads\/2025\/07\/soiree-ados.jpg 1953w, https:\/\/www.mqchausse-coq.ch\/wp\/wp-content\/uploads\/2025\/07\/soiree-ados-300x205.jpg 300w, https:\/\/www.mqchausse-coq.ch\/wp\/wp-content\/uploads\/2025\/07\/soiree-ados-1024x699.jpg 1024w, https:\/\/www.mqchausse-coq.ch\/wp\/wp-content\/uploads\/2025\/07\/soiree-ados-768x525.jpg 768w, https:\/\/www.mqchausse-coq.ch\/wp\/wp-content\/uploads\/2025\/07\/soiree-ados-1536x1049.jpg 1536w\" sizes=\"auto, (max-width: 1953px) 100vw, 1953px\" \/><\/a><br \/>\nDans un espace convivial, d\u2019\u00e9change et de discussions, nous proposons trois moments d\u2019accueil libre durant la semaine.<\/p>\n<h6>ACCUEIL LIBRE<\/h6>\n<p>L\u2019accueil libre (aussi appel\u00e9 \u00ab libre adh\u00e9sion \u00bb) est une forme d\u2019accueil sans inscription et gratuit, qui se d\u00e9roule dans un lieu d\u00e9fini avec un horaire pr\u00e9cis.<br \/>\nLes professionnel\u00b7les sont les garant \u00b7es du cadre, dans lequel les jeunes peuvent venir faire l\u2019exp\u00e9rience de la libert\u00e9.\u00a0 Nous les invitons \u00e0 s\u2019approprier leur temps libre. Les jeunes choisissent<br \/>\nl\u2019heure \u00e0 laquelle ils\u00b7elles arrivent, le temps qu\u2019ils\u00b7elles veulent rester et ce qu\u2019ils\u00b7elles veulent y faire.\u00a0 L\u2019accueil libre leur permet de faire l\u2019apprentissage de la vie en collectivit\u00e9 et de l\u2019autonomie.<\/p>\n<p>Les jeunes peuvent jouer au baby-foot, au ping-pong et autres jeux, ou simplement se retrouver loin du regard de leurs parents, tout en \u00e9tant encadr\u00e9\u00b7es. Nous sommes \u00e0 leur \u00e9coute afin de choisir ensemble les diff\u00e9rents loisirs qu\u2019ils\u00b7elles d\u00e9sirent pratiquer.<\/p>\n<p>Suivez-nous sur instagram\u2009: <a href=\"https:\/\/www.instagram.com\/mqchaussecoqados\/?hl=en\">mqchaussecoqados<\/a><\/p>\n<h6>Pas d&rsquo;ouverture pendant les vacances scolaires !<\/h6>\n<h6>BOUMS<\/h6>\n<p>Les jeunes de la 8P et du cycle d\u2019orientation ont la possibilit\u00e9 d\u2019organiser des boums. Ces soir\u00e9es se d\u00e9roulent le samedi soir, sous la responsabilit\u00e9 de l\u2019\u00e9quipe d\u2019animation et sans la pr\u00e9sence des parents. Nous mettons \u00e0 disposition gratuitement une de nos salles. Il faut \u00eatre trois organisateur\u00b7trices.<\/p>\n<p>Pour les conditions et plus d&rsquo;informations, se renseigner aupr\u00e8s de l\u2019\u00e9quipe d\u2019animation.<\/p>\n","protected":false},"excerpt":{"rendered":"<p>Dans un espace convivial, d\u2019\u00e9change et de discussions, nous proposons trois moments d\u2019accueil libre durant la semaine. ACCUEIL LIBRE L\u2019accueil libre (aussi appel\u00e9 \u00ab libre adh\u00e9sion \u00bb) est une forme d\u2019accueil sans inscription et gratuit, qui se d\u00e9roule dans un lieu d\u00e9fini avec un horaire pr\u00e9cis. Les professionnel\u00b7les sont les garant \u00b7es du cadre, dans &hellip; <a href=\"https:\/\/www.mqchausse-coq.ch\/wp\/les-adolescents\/\" class=\"more-link\">Continuer la lecture de <span class=\"screen-reader-text\">Jeunes d\u00e8s 10 ans<\/span>  <span class=\"meta-nav\">&rarr;<\/span><\/a><\/p>\n","protected":false},"author":1,"featured_media":0,"parent":0,"menu_order":0,"comment_status":"open","ping_status":"closed","template":"","meta":{"footnotes":""},"simple-restrict-permission":[],"class_list":["post-27","page","type-page","status-publish","hentry"],"publishpress_future_action":{"enabled":false,"date":"2026-05-11 15:23:17","action":"category","newStatus":"draft","terms":[],"taxonomy":"simple-restrict-permission","extraData":[]},"publishpress_future_workflow_manual_trigger":{"enabledWorkflows":[]},"_links":{"self":[{"href":"https:\/\/www.mqchausse-coq.ch\/wp\/wp-json\/wp\/v2\/pages\/27","targetHints":{"allow":["GET"]}}],"collection":[{"href":"https:\/\/www.mqchausse-coq.ch\/wp\/wp-json\/wp\/v2\/pages"}],"about":[{"href":"https:\/\/www.mqchausse-coq.ch\/wp\/wp-json\/wp\/v2\/types\/page"}],"author":[{"embeddable":true,"href":"https:\/\/www.mqchausse-coq.ch\/wp\/wp-json\/wp\/v2\/users\/1"}],"replies":[{"embeddable":true,"href":"https:\/\/www.mqchausse-coq.ch\/wp\/wp-json\/wp\/v2\/comments?post=27"}],"version-history":[{"count":38,"href":"https:\/\/www.mqchausse-coq.ch\/wp\/wp-json\/wp\/v2\/pages\/27\/revisions"}],"predecessor-version":[{"id":4184,"href":"https:\/\/www.mqchausse-coq.ch\/wp\/wp-json\/wp\/v2\/pages\/27\/revisions\/4184"}],"wp:attachment":[{"href":"https:\/\/www.mqchausse-coq.ch\/wp\/wp-json\/wp\/v2\/media?parent=27"}],"wp:term":[{"taxonomy":"simple-restrict-permission","embeddable":true,"href":"https:\/\/www.mqchausse-coq.ch\/wp\/wp-json\/wp\/v2\/simple-restrict-permission?post=27"}],"curies":[{"name":"wp","href":"https:\/\/api.w.org\/{rel}","templated":true}]}}