{"id":3298,"date":"2022-08-19T10:55:59","date_gmt":"2022-08-19T09:55:59","guid":{"rendered":"https:\/\/www.mqchausse-coq.ch\/wp\/?page_id=3298"},"modified":"2025-12-19T17:04:34","modified_gmt":"2025-12-19T16:04:34","slug":"cours-intervenant%c2%b7es","status":"publish","type":"page","link":"https:\/\/www.mqchausse-coq.ch\/wp\/cours-intervenant%c2%b7es\/","title":{"rendered":"Cours intervenant\u00b7es"},"content":{"rendered":"<h6>GYMNASTIQUE ACTIVE DE BIEN-\u00caTRE<\/h6>\n<p>La Fondation Pro Senectute vous propose un cours hebdomadaire de gym d\u00e8s 50 ans. Bouger participe au maintien de l\u2019autonomie et \u00e0 la qualit\u00e9 de vie. C\u2019est Monica, monitrice de la Fondation Pro Senectute \/ Domaine activit\u00e9s, qui donne le cours.<\/p>\n<p>Les lundis au 1er \u00e9tage (grande salle)<br \/>\n1er cours : 9h30-10h30<br \/>\n2\u00e8me cours : 10h30-11h30<br \/>\nPrix : 11.\u2013\/cours<br \/>\nInformations et inscription sur place ou par t\u00e9l\u00e9phone au 022 345 06 77 ou par mail : activites@ge.prosenectute.ch<\/p>\n<h6>\u00c9CHECS<\/h6>\n<p>Vous souhaitez initier votre enfant aux \u00e9checs ou le faire progresser pour nourrir sa passion ? Ou vous aimeriez simplement renforcer ses capacit\u00e9s de concentration, de logique et de prise de d\u00e9cision dans un cadre stimulant ? Inscrivez-le\u00b7la \u00e0 notre Programme Junior (PJ), sp\u00e9cialement con\u00e7u pour les jeunes joueurs\u00b7ses de niveau d\u00e9butant (PJ1) ou interm\u00e9diaire (PJ2).<\/p>\n<p>Les lundis au 2\u00e8me \u00e9tage (salle de r\u00e9union)<br \/>\n\u00b7 Cours d\u00e9butant\u00b7es: 16h30-17h15<br \/>\n\u00b7 Cours interm\u00e9diaires: 17h30-18h30<br \/>\nPrix : 15.\u2013\/cours<br \/>\nInformations et inscriptions : office@ lagardeduroi.ch ou 076 742 28 18 \u2013www.lagardeduroi.ch<\/p>\n<h6>YOGA<\/h6>\n<p>Joanna vous propose des cours de yoga pour enfants et pour adultes. Certifi\u00e9e par la Yoga Alliance et th\u00e9rapeute certifi\u00e9e ASCA, elle con\u00e7oit sp\u00e9cialement des cours offrant l\u2019opportunit\u00e9 aux enfants de se connecter \u00e0 leur corps et \u00e0 leur esprit de mani\u00e8re amusante et enrichissante.<\/p>\n<p>Pour les adultes, elle propose un yoga dynamique et accessible (m\u00e9lange de Vinyasa et Yin) pour un meilleur \u00e9quilibre, une respiration consciente et plus de mouvement. Joanna vous guidera avec bienveillance vers le chemin du bien-\u00eatre.<\/p>\n<p>Les lundis<br \/>\n\u00b7 Cours enfants (4 \u00e0 9 ans) : 16h30-17h30 au 2\u00e8me \u00e9tage (MQ)<br \/>\n\u00b7 Cours adultes : 18h10-19h10 au 1er \u00e9tage (grande salle)<br \/>\nPrix : 15.\u2013\/cours<br \/>\nInscription au semestre<br \/>\nInformations et inscription aupr\u00e8s de Joanna 079 855 09 05<\/p>\n<h6>VOLLEYBALL AUTOG\u00c9R\u00c9<\/h6>\n<p>Vous recherchez une soir\u00e9e d\u2019\u00e9vasion ? Quel que soit votre \u00e2ge, rejoignez notre \u00e9quipe mixte de volley-ball tous les lundis soir dans la salle de gymnastique de l\u2019\u00e9cole Ferdinand-Hodler. Vous vivrez le<br \/>\nplaisir d\u2019une activit\u00e9 sportive l\u00e9g\u00e8re, lors de matchs n\u00e9anmoins acharn\u00e9s, et dans une ambiance d\u00e9tendue o\u00f9 humour et<br \/>\namiti\u00e9 sont garantis !<\/p>\n<p>Les lundis \u00e0 l\u2019\u00c9cole Ferdinand-Hodler<br \/>\n(Bd. Jaques-Dalcroze 4, 1204 Gen\u00e8ve)<br \/>\nHoraire : 20h-22h<br \/>\nTout public<br \/>\nGratuit et sans inscription<br \/>\nVenez directement sur place !<\/p>\n<h6>DANSE ET MUSIQUE EN FAMILLE<\/h6>\n<p>Music Together in Geneva Center vous propose deux cours hebdomadaires de danse et musique en famille.<br \/>\nVenez chanter, danser, tambouriner et vous amuser avec vos enfants! Tous les enfants entre 0 et 5 ans sont les bienvenu\u00b7es avec leurs parents, grands-parents ou tout autre membre de la famille.<\/p>\n<p>Les mardis au 1er \u00e9tage<br \/>\nPremier cours : 9h30-10h15<br \/>\nDeuxi\u00e8me cours : 10h30-11h15<br \/>\nTarif : 15.\u2013\/cours (groupe mixte)<br \/>\nInformations et inscription : info@mtingenevacenter.com<br \/>\nou 078 666 14 28 &#8211; <a href=\"http:\/\/www.mtingenevacenter.com\">www.mtingenevacenter.com<\/a><\/p>\n<h6>ARABE<\/h6>\n<p>Chantons et jouons en arabe avec Samia, Hanan, Rachida et leurs ami\u00b7es. Une mani\u00e8re d\u2019apprendre l\u2019arabe de mani\u00e8re ludique en s\u2019amusant autour du jeu.<\/p>\n<p>Les mercredis au 2\u00e8me \u00e9tage (salle de r\u00e9union)<br \/>\nHoraires : 9h30-11h15<br \/>\nAges : de 3 \u00e0 6 ans<br \/>\nPrix : 30.\u2013\/cours<br \/>\nInformations et inscription au 079 408 71 38 &#8211; coursdarabe@icloud.com<\/p>\n<h6>ZUMBA DOUCE<\/h6>\n<p>Monica Tarquino vous propose \u00e9galement de la Zumba douce. Un m\u00e9lange de danse latino et exercices adapt\u00e9s aux seniors, bas\u00e9 sur une chor\u00e9graphie facile \u00e0 suivre qui vous permet de d\u00e9velopper votre \u00e9quilibre et votre coordination et de pratiquer toute une gamme de mouvements.<\/p>\n<p>Les jeudis au 1er \u00e9tage (grande salle)<br \/>\nHoraire avanc\u00e9\u00b7es : 9h30-10h30<br \/>\nHoraire d\u00e9butants : 10h30-11h30<br \/>\nPublic : Tout public<br \/>\nPrix : 15.\u2013\/cours<br \/>\nInformations et inscription aupr\u00e8s de Monica 079 440 70 57<\/p>\n<h6>ATELIERS CLOWNESQUES<\/h6>\n<p>Ces ateliers \u00ab clownesques \u00bb proposent une exploration approfondie du jeu, sans nez rouge, comme un art d&rsquo;acteur\u2219trice \u00e0 part enti\u00e8re. Les stagiaires travaillent durant un ou deux weekends leur expressivit\u00e9 corporelle, rythmique et \u00e9motionnelle. L\u2019objectif est de<br \/>\nd\u00e9velopper une bo\u00eete \u00e0 outils personnelle, en transformant ses \u00abd\u00e9fauts \u00bb en richesse comique. Le contenu m\u00eale technique le matin et passages sur sc\u00e8ne l\u2019apr\u00e8s-midi. L\u2019humour est abord\u00e9 sous toutes ses formes : physique, dramatique, absurde ou sensible.<\/p>\n<p>Ces ateliers, inspir\u00e9s de la p\u00e9dagogie de Michel Dallaire, sont donn\u00e9 par Alexandre Bordier, com\u00e9dien suisse.<\/p>\n<p>Week-ends : 21 et 22 f\u00e9vrier, 18 et 19 avril, 13 et 14 juin<br \/>\nHoraire : 9h30-17h30<br \/>\nPublic : adultes<br \/>\nPrix : 200.\u2013 pour 2 jours<br \/>\nPrix : 360.\u2013 pour 4 jours<br \/>\nPrix : 500.- pour 6 jours<br \/>\nInformations &amp; inscription : lebestiaire.prod@gmail.com<\/p>\n","protected":false},"excerpt":{"rendered":"<p>GYMNASTIQUE ACTIVE DE BIEN-\u00caTRE La Fondation Pro Senectute vous propose un cours hebdomadaire de gym d\u00e8s 50 ans. Bouger participe au maintien de l\u2019autonomie et \u00e0 la qualit\u00e9 de vie. C\u2019est Monica, monitrice de la Fondation Pro Senectute \/ Domaine activit\u00e9s, qui donne le cours. Les lundis au 1er \u00e9tage (grande salle) 1er cours : &hellip; <a href=\"https:\/\/www.mqchausse-coq.ch\/wp\/cours-intervenant%c2%b7es\/\" class=\"more-link\">Continuer la lecture de <span class=\"screen-reader-text\">Cours intervenant\u00b7es<\/span>  <span class=\"meta-nav\">&rarr;<\/span><\/a><\/p>\n","protected":false},"author":3,"featured_media":0,"parent":0,"menu_order":0,"comment_status":"closed","ping_status":"closed","template":"","meta":{"footnotes":""},"simple-restrict-permission":[],"class_list":["post-3298","page","type-page","status-publish","hentry"],"publishpress_future_action":{"enabled":false,"date":"2026-04-12 12:26:32","action":"category","newStatus":"draft","terms":[],"taxonomy":"simple-restrict-permission","extraData":[]},"publishpress_future_workflow_manual_trigger":{"enabledWorkflows":[]},"_links":{"self":[{"href":"https:\/\/www.mqchausse-coq.ch\/wp\/wp-json\/wp\/v2\/pages\/3298","targetHints":{"allow":["GET"]}}],"collection":[{"href":"https:\/\/www.mqchausse-coq.ch\/wp\/wp-json\/wp\/v2\/pages"}],"about":[{"href":"https:\/\/www.mqchausse-coq.ch\/wp\/wp-json\/wp\/v2\/types\/page"}],"author":[{"embeddable":true,"href":"https:\/\/www.mqchausse-coq.ch\/wp\/wp-json\/wp\/v2\/users\/3"}],"replies":[{"embeddable":true,"href":"https:\/\/www.mqchausse-coq.ch\/wp\/wp-json\/wp\/v2\/comments?post=3298"}],"version-history":[{"count":23,"href":"https:\/\/www.mqchausse-coq.ch\/wp\/wp-json\/wp\/v2\/pages\/3298\/revisions"}],"predecessor-version":[{"id":4190,"href":"https:\/\/www.mqchausse-coq.ch\/wp\/wp-json\/wp\/v2\/pages\/3298\/revisions\/4190"}],"wp:attachment":[{"href":"https:\/\/www.mqchausse-coq.ch\/wp\/wp-json\/wp\/v2\/media?parent=3298"}],"wp:term":[{"taxonomy":"simple-restrict-permission","embeddable":true,"href":"https:\/\/www.mqchausse-coq.ch\/wp\/wp-json\/wp\/v2\/simple-restrict-permission?post=3298"}],"curies":[{"name":"wp","href":"https:\/\/api.w.org\/{rel}","templated":true}]}}